{"id":186,"date":"2018-07-09T15:04:06","date_gmt":"2018-07-09T15:04:06","guid":{"rendered":"http:\/\/localhost\/tikiming-2018\/?page_id=186"},"modified":"2021-12-09T19:33:57","modified_gmt":"2021-12-09T19:33:57","slug":"carte-cadeau","status":"publish","type":"page","link":"https:\/\/tikiming.com\/fr\/carte-cadeau\/","title":{"rendered":"OBTENEZ UNE CARTE-CADEAU TIKI-MING"},"content":{"rendered":"<p>Quelle que soit l\u2019occasion, offrez la carte-cadeau Tiki-Ming aux membres de votre famille, vos amis et vos coll\u00e8gues de travail. Ils vous en seront fort reconnaissants et pourront d\u00e9guster de savoureux mets chinois.<\/p>\n<p>La carte-cadeau Tiki-Ming peut \u00e9galement \u00eatre utilis\u00e9e dans d\u2019autres<br \/>\nrestaurants participants qui acceptent les cartes-cadeaux MTY.<\/p>\n<p>Consultez votre solde et prot\u00e9gez votre carte en ligne en l\u2019inscrivant \u00e0 l\u2019aide de notre <a href=\"https:\/\/mtyrewards.datacandyinfo.com\/profile\/register?lang=fr_CA\">formulaire d\u2019inscription r\u00e9serv\u00e9 aux cartes-cadeaux<\/a>.<\/p>\n<p><a class=\"red-button\" style=\"background-color: #ea222f; color: white; text-decoration: none;\" href=\"https:\/\/giftcards.mtygroup.com\/fr\/\" target=\"_blank\" rel=\"noopener\">Consultez votre solde<\/a><\/p>\n<p>Obtenez une carte-cadeau dans les restaurants Tiki-Ming. Si vous avez l&rsquo;intention d&rsquo;acheter plus de cartes-cadeaux Tiki-Ming pour votre organisation ou pour des cadeaux personnels, veuillez contacter <a href=\"mailto:giftcardsales@mtygroup.com?\" target=\"_top\" rel=\"noopener\">giftcardsales@mtygroup.com<\/a>.<\/p>\n","protected":false},"excerpt":{"rendered":"<p>Quelle que soit l\u2019occasion, offrez la carte-cadeau Tiki-Ming aux membres de votre famille, vos amis et vos coll\u00e8gues de travail. Ils vous en seront fort reconnaissants et pourront d\u00e9guster de savoureux mets chinois. La carte-cadeau Tiki-Ming peut \u00e9galement \u00eatre utilis\u00e9e dans d\u2019autres restaurants participants qui acceptent les cartes-cadeaux MTY. Consultez votre solde et prot\u00e9gez votre [&hellip;]<\/p>\n","protected":false},"author":1,"featured_media":0,"parent":0,"menu_order":0,"comment_status":"closed","ping_status":"closed","template":"gift-card.php","meta":{"_acf_changed":false,"footnotes":""},"class_list":["post-186","page","type-page","status-publish","hentry"],"acf":[],"_links":{"self":[{"href":"https:\/\/tikiming.com\/fr\/wp-json\/wp\/v2\/pages\/186","targetHints":{"allow":["GET"]}}],"collection":[{"href":"https:\/\/tikiming.com\/fr\/wp-json\/wp\/v2\/pages"}],"about":[{"href":"https:\/\/tikiming.com\/fr\/wp-json\/wp\/v2\/types\/page"}],"author":[{"embeddable":true,"href":"https:\/\/tikiming.com\/fr\/wp-json\/wp\/v2\/users\/1"}],"replies":[{"embeddable":true,"href":"https:\/\/tikiming.com\/fr\/wp-json\/wp\/v2\/comments?post=186"}],"version-history":[{"count":0,"href":"https:\/\/tikiming.com\/fr\/wp-json\/wp\/v2\/pages\/186\/revisions"}],"wp:attachment":[{"href":"https:\/\/tikiming.com\/fr\/wp-json\/wp\/v2\/media?parent=186"}],"curies":[{"name":"wp","href":"https:\/\/api.w.org\/{rel}","templated":true}]}}