{"id":891,"date":"2021-11-24T22:06:41","date_gmt":"2021-11-24T22:06:41","guid":{"rendered":"https:\/\/tikiming.com\/?page_id=891"},"modified":"2021-11-26T21:57:27","modified_gmt":"2021-11-26T21:57:27","slug":"conditions-generales","status":"publish","type":"page","link":"https:\/\/tikiming.com\/fr\/conditions-generales\/","title":{"rendered":"CONDITIONS G\u00c9N\u00c9RALES"},"content":{"rendered":"\t\t<div data-elementor-type=\"wp-page\" data-elementor-id=\"891\" class=\"elementor elementor-891 elementor-883\" data-elementor-post-type=\"page\">\n\t\t\t\t\t\t<section class=\"elementor-section elementor-top-section elementor-element elementor-element-c657288 elementor-section-boxed elementor-section-height-default elementor-section-height-default\" data-id=\"c657288\" data-element_type=\"section\" data-e-type=\"section\">\n\t\t\t\t\t\t<div class=\"elementor-container elementor-column-gap-default\">\n\t\t\t\t\t<div class=\"elementor-column elementor-col-100 elementor-top-column elementor-element elementor-element-b339a4e\" data-id=\"b339a4e\" data-element_type=\"column\" data-e-type=\"column\">\n\t\t\t<div class=\"elementor-widget-wrap elementor-element-populated\">\n\t\t\t\t\t\t<div class=\"elementor-element elementor-element-fb5ecb1 elementor-widget elementor-widget-text-editor\" data-id=\"fb5ecb1\" data-element_type=\"widget\" data-e-type=\"widget\" data-widget_type=\"text-editor.default\">\n\t\t\t\t<div class=\"elementor-widget-container\">\n\t\t\t\t\t\t\t\t\t<h2><span style=\"color: #e02826;\">CONDITIONS G\u00c9N\u00c9RALES<\/span><\/h2><p><strong>SECTION 1: CONDITIONS G\u00c9N\u00c9RALES D\u2019UTILISATION DU PROGRAMME R\u00c9COMPENSES TIKI<\/strong><\/p><p><strong>INSCRIPTION<\/strong>\u00a0\u2013 L\u2019inscription de votre carte R\u00c9COMPENSES TIKI sur <a href=\"http:\/\/www.Tikiming.com\/recompensestiki\">www.Tikiming.com\/recompensestiki<\/a> est requis pour pouvoir profiter des avantages du programme. Assurez-vous d\u2019avoir correctement saisi vos coordonn\u00e9es, de m\u00eame qu\u2019une adresse courriel valide.<\/p><p><strong>PARTICIPATION<\/strong>\u00a0\u2013 Le Tiki-Ming vous offrira <strong>R\u00c9COMPENSES TIKI<\/strong><\/p><p><strong>TRANSACTION<\/strong>\u00a0\u2013 Une transaction valide requiert la pr\u00e9sentation de la carte R\u00c9COMPENSES TIKI par le d\u00e9tenteur d\u2019une carte avec un achat d\u2019une valeur minimale de 2,50 $ avant taxes dans les restaurants de <strong>Tiki-Ming<\/strong> \u00e0 travers le Canada.<\/p><p><strong>ARTICLES PERDUS ET DEMANDES SP\u00c9CIALES<\/strong>\u00a0\u2013 Si vous avez enregistr\u00e9 votre carte R\u00c9COMPENSES TIKI, votre compte R\u00c9COMPENSES TIKI est prot\u00e9g\u00e9 \u00e0 partir du moment o\u00f9 vous nous avisez que votre carte R\u00c9COMPENSES TIKI est perdue ou vol\u00e9e, et que nous sommes en mesure de v\u00e9rifier le propri\u00e9taire de la carte. Nous allons geler le solde restant de votre compte R\u00c9COMPENSES TIKI au moment auquel vous nous avisez et nous transf\u00e9rerons le solde restant sur une nouvelle carte R\u00c9COMPENSES TIKI. Les nouvelles cartes sont post\u00e9es dans un d\u00e9lai de 2 \u00e0 4 semaines. Tiki-Ming ne peut \u00eatre tenus responsables de la perte, de l\u2019expiration ou du vol des points Nom du programme de loyaut\u00e9 de la banni\u00e8re. Tous les d\u00e9tenteurs d\u2019une carte sont responsables de leurs re\u00e7us de caisse qui leur sont remis,\u00a0sur condition que le re\u00e7u est\u00a0soumis \u00e0\u00a0TIKIrewards@Tiki-Ming.com\u00a0dans les 60 jours de la transaction en question.<\/p><p><strong>R\u00c9SEAU<\/strong>\u00a0\u2013 Tous les d\u00e9tenteurs de carte R\u00c9COMPENSES TIKI de la banni\u00e8re seront en mesure de profiter des avantages offerts par les restaurants participants du Tiki-Ming en obtenant des r\u00e9compenses de la banni\u00e8re qui sont \u00e9changeables lors d\u2019achats dans des restaurants participants du Tiki-Ming<\/p><p><strong>\u00c9TAT DU COMPTE<\/strong>\u00a0\u2013 Le d\u00e9tenteur d\u2019une carte Nom du programme de loyaut\u00e9 de la banni\u00e8re peut se renseigner sur le solde de son compte sur Internet en se rendant sure le site \u00a0<a href=\"https:\/\/Tikiming.datacandyinfo.com\/profile\/register\">https:\/\/Tikiming.datacandyinfo.com\/profile\/register<\/a>\u00a0 \u00a0ou\u00a0en envoyant un courriel au\u00a0service \u00e0 la client\u00e8le de Nom du programme de loyaut\u00e9 de la banni\u00e8re\u00a0\u00e0 <a href=\"mailto:TIKIrewards@Tikiming.com\">TIKIrewards@Tikiming.com<\/a><\/p><p><strong>\u00a0<\/strong><\/p><p><strong>\u00c9CHANGE DE POINTS ET ARTICLES GRATUITS<\/strong>\u00a0\u2013 Le d\u00e9tenteur d\u2019une carte R\u00c9COMPENSES TIKI peut utiliser ces points en \u00e9change d\u2019achats \u00e9ventuels dans les restaurants participants Tiki-Ming.\u00a0 Les d\u00e9tenteurs de carte du R\u00c9COMPENSES TIKI peuvent r\u00e9clamer leurs articles gratuits qui ont \u00e9t\u00e9 \u00e9mises dans les 30 jours de la date que l\u2019article gratuit a \u00e9t\u00e9 \u00e9mis.<\/p><p><strong>R\u00c9SILIATION ET EXPIRATION<\/strong>\u00a0\u2013 Toutes les cartes R\u00c9COMPENSES TIKI actives sont valides \u00e0 partir de la date de leur enregistrement. Tout d\u00e9tenteur d\u2019une carte inutilis\u00e9e pendant toute p\u00e9riode de 12 mois cons\u00e9cutifs \u00e0 partir de la derni\u00e8re transaction est consid\u00e9r\u00e9 comme \u00e9tant un membre inactif\u00a0et tous les avantages du programme sont r\u00e9sili\u00e9s.<\/p><p><strong>MODIFICATIONS<\/strong>\u00a0\u2013 Tiki-Ming et ses restaurants se r\u00e9servent le droit, \u00e0 leur enti\u00e8re discr\u00e9tion, de mettre fin au programme R\u00c9COMPENSES TIKI, d\u2019ajouter ou d\u2019\u00e9liminer des partenaires, et\/ou de changer, limiter, modifier ou ajouter des r\u00e8glements au programme R\u00c9COMPENSES TIKI, incluant, mais ne se limitant pas \u00e0 l\u2019imposition de limites temporelles et de changements \u00e0 la valeur des points sans pr\u00e9avis \u00e0 tout moment.<\/p><p><strong>LOI<\/strong>\u00a0\u2013 Les r\u00e9compenses gagn\u00e9es dans le cadre du programme n&rsquo;ont aucune valeur mon\u00e9taire. Sauf sur indications contraires, les r\u00e9compenses gagn\u00e9es expirent 30 jours apr\u00e8s que ces r\u00e9compenses ont \u00e9t\u00e9 gagn\u00e9es<\/p><p><strong>SECTION 2: CONDITIONS G\u00c9N\u00c9RALES D\u2019UTILISATION DU PROGRAMME\u00a0DE CARTE-CADEAU MTY<\/strong><\/p><p>IMPORTANT \u2013 VEUILLEZ LIRE CE QUI SUIT : L\u2019entente suivante d\u00e9crit les conditions g\u00e9n\u00e9rales qui s\u2019appliquent au compte de votre carte-cadeau de la soci\u00e9t\u00e9 MTY Franchising Inc. qui exerce des activit\u00e9s commerciales au Canada dans les commerces participants sous les appellations sociales Country Style, Cultures, Croissant Plus, Franx Supreme, Kim Chi, Koryo Korean Barbeque, Koya Japon, La Cr\u00e9mi\u00e8re, Mr. Souvlaki , Mr.Sub, O\u2019Burger, Sushi Shop, Sukiyaki, Taco Time, Tandori, TCBY, Thai Express, Tiki Ming, Tutti Frutti, Valentine Vanelli\u2019s, Vie&amp;Nam, Villa Madina et d\u2019autres marques non affili\u00e9s, tels que Au Vieux Duluth Express, Yogen Fruz et d\u2019autres futurs partenaires potentiels de d\u00e9tail<\/p><p><strong>\u00c0\u00a0propos de votre carte-cadeau:<\/strong><br \/>La carte-cadeau vous permet de d\u00e9poser un montant sur la\u00a0carte en vue d\u2019achats futurs dans les commerces affili\u00e9s participants Country Style, Cultures, Croissant Plus, Franx Supreme, Kim Chi, Koryo Korean Barbeque, Koya Japon, La Cr\u00e9mi\u00e8re, Mr. Souvlaki , Mr.Sub, O\u2019Burger, Sushi Shop, Sukiyaki, Taco Time, Tandori, TCBY, Thai Express, Tiki Ming, Tutti Frutti, Valentine Vanelli\u2019s, Vie&amp;Nam, Villa Madina et d\u2019autres marques non affili\u00e9s, tels que Au Vieux Duluth Express, Yogen Fruz et d\u2019autres futurs partenaires potentiels de d\u00e9tail\u00a0\u00e0 travers le Canada.<\/p><p>Le montant que vous d\u00e9posez dans le compte de votre carte-cadeau constitue un paiement \u00e0 l\u2019avance seulement pour des biens et des services dans les commerces participants au Canada. Aucune carte de cr\u00e9dit, marge de cr\u00e9dit, protection contre des d\u00e9couverts ou compte de d\u00e9p\u00f4t ne sont associ\u00e9s \u00e0 la carte-cadeau. \u00c0 moins que ceci ne soit requis par la loi ou permis par cette entente, tout montant d\u00e9pos\u00e9 dans le compte de votre carte-cadeau n\u2019est pas remboursable et ne peut \u00eatre encaiss\u00e9 en argent dans les restaurants de les\u00a0MTY Franchising Inc.\u00a0\u00a0Aucun int\u00e9r\u00eat sur les fonds d\u00e9pos\u00e9s sur la carte-cadeau ne sera cumul\u00e9 ou pay\u00e9 ou ne vous sera cr\u00e9dit\u00e9 par les\u00a0MTY Franchising Inc.<\/p><p>L\u2019utilisation de la carte-cadeau est limit\u00e9e aux commerces participants au Canada. Nous nous r\u00e9servons le droit de ne pas accepter, autoriser un d\u00e9p\u00f4t sur le compte ou \u00e9mettre une nouvelle carte-cadeau, ou de limiter d\u2019une autre fa\u00e7on la carte-cadeau si nous avons de bonnes raisons de croire que son utilisation n\u2019est pas autoris\u00e9e, frauduleuse ou autrement ill\u00e9gale.<\/p><p><strong>Prot\u00e9ger votre carte-cadeau en l\u2019enregistrant<\/strong><br \/>Apr\u00e8s avoir achet\u00e9 votre carte-cadeau, vous pouvez l\u2019enregistrer <a href=\"https:\/\/mtyrewards.datacandyinfo.com\/login?lang=fr_CA\">Nouveau lien<\/a>\u00a0pour\u00a0prot\u00e9ger votre solde en cas de perte ou de vol.<\/p><p><strong>D\u00e9poser et red\u00e9poser des fonds dans le compte de votre carte-cadeau<\/strong><br \/>Vous pouvez d\u00e9poser ou red\u00e9poser des fonds dans le compte d\u2019une carte-cadeau dans les commerces participants au Canada en utilisant de l\u2019argent, une carte de cr\u00e9dit ou une carte de d\u00e9bit reconnue (l\u00e0 o\u00f9 c\u2019est possible). La carte-cadeau doit \u00eatre activ\u00e9e dans un magasin participant. Le montant d\u00e9pos\u00e9 dans le compte de votre carte-cadeau pourra \u00eatre utilis\u00e9 imm\u00e9diatement. Un montant minimal de 5 $ doit \u00eatre d\u00e9pos\u00e9 dans le compte de votre carte-cadeau. MTY Franchising Inc.\u00a0peut modifier le montant minimal qui doit \u00eatre d\u00e9pos\u00e9 dans le compte de votre carte-cadeau \u00e0 tout moment \u00e0 sa discr\u00e9tion et nous afficherons de tels changements en ligne sur le site (site web du programme de carte-cadeau de la banni\u00e8re)<\/p><p><strong>Expiration des soldes de la carte<\/strong><br \/>MTY Franchising Inc. ne facture aucuns frais pour l\u2019\u00e9mission ou l\u2019activation de votre carte-cadeau. MTY Franchising Inc. ne peut \u00eatre tenu responsable des cartes-cadeaux perdues ou vol\u00e9es.<\/p><p><strong>Re\u00e7us et relev\u00e9s<\/strong><br \/>Vous pouvez v\u00e9rifier le solde de votre carte-cadeau dans un commerce participant ou en ligne sur\u00a0<a href=\"https:\/\/mtyrewards.datacandyinfo.com\/login?lang=fr_CA\">Nouveau site web<\/a>. Les relev\u00e9s de transactions des comptes de carte-cadeau ne sont pas post\u00e9s aux d\u00e9tenteurs de cartes. Lorsque vous utilisez la carte-cadeau, le montant du solde sera imprim\u00e9 sur le re\u00e7u de caisse du point de vente. Le re\u00e7u vous sera remis par le caissier ou la caissi\u00e8re et indiquera que l\u2019achat a \u00e9t\u00e9 effectu\u00e9 en utilisant la carte-cadeau ainsi que le solde de votre carte. Vous devriez conserver vos re\u00e7us afin de vous assurer que le solde de votre compte est exact. Vous allez devoir pr\u00e9senter vos re\u00e7us en cas de diff\u00e9rend relatif au solde.<\/p><p><strong>Erreurs de facturation, corrections<\/strong><br \/>MTY Franchising Inc. se r\u00e9serve le droit de corriger le solde du compte de votre carte-cadeau si nous croyons qu\u2019une erreur d\u2019\u00e9criture, de facturation ou de comptabilit\u00e9 s\u2019est produite. La soci\u00e9t\u00e9\u00a0MTY Franchising Inc. ne peut pas \u00eatre tenue responsable d\u2019une erreur de facturation quelconque \u00e0 moins que vous avisiez\u00a0MTY Franchising Inc. dans les 60 jours suivant la date de la transaction concern\u00e9e. Vous devez suivre vos transactions de pr\u00e8s.<\/p><p><strong>Responsabilit\u00e9\u00a0des transactions non autoris\u00e9es<\/strong><br \/>\u00c9tant donn\u00e9 que la carte-cadeau sert \u00e0 payer des achats effectu\u00e9s dans les commerces participants au Canada, vous \u00eates responsables de toutes les transactions associ\u00e9es \u00e0 votre carte-cadeau, y compris les transactions non autoris\u00e9es. Si votre carte-cadeau enregistr\u00e9e est perdue, vol\u00e9e ou d\u00e9truite, celle-ci peut \u00eatre remplac\u00e9e avec le solde restant en nous contactant \u00e0\u00a0<a href=\"mailto:tikirewards@tikiming.com\">tikirewards@tikiming.com<\/a> \u00a0le plus rapidement possible. Vous devez fournir votre num\u00e9ro de carte et l\u2019on vous posera certaines questions au sujet de votre compte. Le solde de votre carte-cadeau est seulement prot\u00e9g\u00e9 \u00e0 partir du moment o\u00f9 vous nous avisez que votre carte-cadeau est perdue, vol\u00e9e ou endommag\u00e9e et que nous sommes en mesure de v\u00e9rifier la propri\u00e9t\u00e9 de la carte. Nous allons geler le solde restant de votre carte-cadeau au moment auquel vous nous avisez et nous transf\u00e9rerons le solde restant sur une nouvelle carte-cadeau. Les cartes de remplacement co\u00fbtent 2,50 $ et seront post\u00e9es dans un d\u00e9lai de 2 \u00e0 4 semaines suivant la date de l\u2019avis.<\/p><p><strong>Modification \u00e0\u00a0cette entente<\/strong><\/p><p>MTY Franchising Inc. peut modifier les conditions g\u00e9n\u00e9rales de la pr\u00e9sente entente \u00e0 tout moment, incluant les droits ou obligations des deux parties. MTY Franchising Inc. affichera les conditions g\u00e9n\u00e9rales et l\u2019entente modifi\u00e9e en ligne sur le nouveau site web programme de r\u00e9compenses de la banni\u00e8re. Tel qu\u2019autoris\u00e9 par les lois applicables, toute modification prendra effet au moment o\u00f9 l\u2019entente modifi\u00e9e sera affich\u00e9e sur le site Web ou lorsque vous serez inform\u00e9, d\u2019une fa\u00e7on ou d\u2019une autre, dans un avis qui vous sera destin\u00e9. \u00c0 moins d\u2019un avis contraire, la modification s\u2019appliquera \u00e0 vos cartes-cadeaux futures et existantes. Nous consid\u00e9rerons que vous ayez accept\u00e9 les modifications si vous ne nous avisez pas du contraire par \u00e9crit au cours des 20 jours suivant la date de l\u2019avis ou si vous utilisez votre carte-cadeau apr\u00e8s ladite p\u00e9riode d\u2019avis. Si vous n\u2019acceptez pas les modifications, votre carte-cadeau sera annul\u00e9e \u00e0 la suite d\u2019une demande \u00e9crite \u00e0 cet effet, et tout solde de carte-cadeau vous sera rembours\u00e9.<\/p><p><strong>Suspension ou r\u00e9siliation de la pr\u00e9sente entente<\/strong><br \/>MTY Franchising Inc. et les\u00a0commerces affili\u00e9s participants\u00a0se r\u00e9servent le droit, \u00e0 leur enti\u00e8re discr\u00e9tion, d\u2019\u00e9liminer certains participants, de suspendre ou d\u2019annuler la pr\u00e9sente entente en entier ou en partie, \u00e0 tout moment et \u00e0 l\u2019occasion, peu importe la raison, sans devoir vous aviser ou assumer une responsabilit\u00e9 quelconque \u00e0 votre \u00e9gard, incluant ce qui concerne la r\u00e9siliation du programme de cartes-cadeaux. Si MTY Franchising Inc.\u00a0met fin \u00e0 la pr\u00e9sente sans en pr\u00e9ciser la raison, les\u00a0commerces affili\u00e9s participants\u00a0\u00e9mettra des cr\u00e9dits pour des achats en magasin \u00e9gaux au solde de votre carte-cadeau. Des cr\u00e9dits pour des achats en magasin seront accord\u00e9s aux titulaires de cartes-cadeaux qui ont communiqu\u00e9 avec\u00a0MTY Franchising Inc. en se rendant sur le site de la banni\u00e8re\u00a0et qui ont fait parvenir leur carte-cadeau \u00e0 la soci\u00e9t\u00e9 du Groupe MTY. Le montant des cr\u00e9dits pour des achats en magasin sera \u00e9gal au solde applicable de la carte-cadeau au moment de la r\u00e9ception de la carte par MTY Franchising Inc.<\/p><p><strong>Lois applicables<\/strong><br \/>Cette entente est r\u00e9gie et interpr\u00e9t\u00e9e en fonction des lois de la province du Qu\u00e9bec et des lois canadiennes applicables \u00e0 cet \u00e9gard.<\/p><p><strong>Entente compl\u00e8te<\/strong><br \/>La pr\u00e9sente entente constitue un protocole d\u2019accord complet et exclusif entre vous, MTY Franchising Inc. et les\u00a0commerces affili\u00e9s participants, en plus de consolider et de remplacer toutes les ententes ant\u00e9rieures. Si une disposition quelconque de cette entente \u00e9tait jug\u00e9e inapplicable, cette disposition sera \u00e9limin\u00e9e dans la mesure minimale permettant \u00e0 la pr\u00e9sente entente de demeurer en vigueur.<\/p><p><strong>Questions ou avis<\/strong><br \/>Si vous avez des questions ou si vous aimeriez communiquer avec nous \u00e0 propos de votre carte-cadeau, veuillez visiter notre site Web\u00a0<a href=\"https:\/\/mtyrewards.ca\/fr\/terms-and-conditions\/www.mtyrewards.ca\/fr\">nouveau site de carte cadeau<\/a>\u00a0ou en\u00a0envoyant un courriel\u00a0au\u00a0service \u00e0 la client\u00e8le de R\u00c9COMPENSES TIKI de la banni\u00e8re\u00a0<a href=\"mailto:TIKIrewards@Tikiming.com\">TIKIrewards@Tikiming.com<\/a><\/p>\t\t\t\t\t\t\t\t<\/div>\n\t\t\t\t<\/div>\n\t\t\t\t\t<\/div>\n\t\t<\/div>\n\t\t\t\t\t<\/div>\n\t\t<\/section>\n\t\t\t\t<\/div>\n\t\t","protected":false},"excerpt":{"rendered":"<p>CONDITIONS G\u00c9N\u00c9RALES SECTION 1: CONDITIONS G\u00c9N\u00c9RALES D\u2019UTILISATION DU PROGRAMME R\u00c9COMPENSES TIKI INSCRIPTION\u00a0\u2013 L\u2019inscription de votre carte R\u00c9COMPENSES TIKI sur www.Tikiming.com\/recompensestiki est requis pour pouvoir profiter des avantages du programme. Assurez-vous d\u2019avoir correctement saisi vos coordonn\u00e9es, de m\u00eame qu\u2019une adresse courriel valide. PARTICIPATION\u00a0\u2013 Le Tiki-Ming vous offrira R\u00c9COMPENSES TIKI TRANSACTION\u00a0\u2013 Une transaction valide requiert la pr\u00e9sentation [&hellip;]<\/p>\n","protected":false},"author":1,"featured_media":0,"parent":0,"menu_order":0,"comment_status":"closed","ping_status":"closed","template":"elementor_canvas","meta":{"_acf_changed":false,"footnotes":""},"class_list":["post-891","page","type-page","status-publish","hentry"],"acf":[],"_links":{"self":[{"href":"https:\/\/tikiming.com\/fr\/wp-json\/wp\/v2\/pages\/891","targetHints":{"allow":["GET"]}}],"collection":[{"href":"https:\/\/tikiming.com\/fr\/wp-json\/wp\/v2\/pages"}],"about":[{"href":"https:\/\/tikiming.com\/fr\/wp-json\/wp\/v2\/types\/page"}],"author":[{"embeddable":true,"href":"https:\/\/tikiming.com\/fr\/wp-json\/wp\/v2\/users\/1"}],"replies":[{"embeddable":true,"href":"https:\/\/tikiming.com\/fr\/wp-json\/wp\/v2\/comments?post=891"}],"version-history":[{"count":0,"href":"https:\/\/tikiming.com\/fr\/wp-json\/wp\/v2\/pages\/891\/revisions"}],"wp:attachment":[{"href":"https:\/\/tikiming.com\/fr\/wp-json\/wp\/v2\/media?parent=891"}],"curies":[{"name":"wp","href":"https:\/\/api.w.org\/{rel}","templated":true}]}}